{"id":3109,"date":"2021-08-23T11:24:40","date_gmt":"2021-08-23T11:24:40","guid":{"rendered":"https:\/\/infonot.ro\/ersan\/?page_id=3109"},"modified":"2021-09-23T10:22:27","modified_gmt":"2021-09-23T10:22:27","slug":"finantare-dotare-suport-tehnic-administrare","status":"publish","type":"page","link":"https:\/\/infonot.ro\/index.php\/finantare-dotare-suport-tehnic-administrare\/","title":{"rendered":"Finan\u021bare, dotare, suport tehnic, administrare"},"content":{"rendered":"\t\t<div data-elementor-type=\"wp-page\" data-elementor-id=\"3109\" class=\"elementor elementor-3109\" data-elementor-settings=\"[]\">\n\t\t\t\t\t\t\t<div class=\"elementor-section-wrap\">\n\t\t\t\t\t\t\t<section class=\"elementor-section elementor-top-section elementor-element elementor-element-5c4adc2 elementor-section-stretched elementor-section-full_width elementor-section-height-default elementor-section-height-default\" data-id=\"5c4adc2\" data-element_type=\"section\" data-settings=\"{&quot;stretch_section&quot;:&quot;section-stretched&quot;}\">\n\t\t\t\t\t\t<div class=\"elementor-container elementor-column-gap-no\">\n\t\t\t\t\t<div class=\"elementor-column elementor-col-100 elementor-top-column elementor-element elementor-element-2d8dc38\" data-id=\"2d8dc38\" data-element_type=\"column\">\n\t\t\t<div class=\"elementor-widget-wrap elementor-element-populated\">\n\t\t\t\t\t\t\t\t<div class=\"elementor-element elementor-element-b06b158 animated-slow elementor-widget elementor-widget-visarzo_banner\" data-id=\"b06b158\" data-element_type=\"widget\" data-settings=\"{&quot;_animation_delay&quot;:500000000,&quot;_animation&quot;:&quot;none&quot;}\" data-widget_type=\"visarzo_banner.default\">\n\t\t\t\t<div class=\"elementor-widget-container\">\n\t\t\t\t\t<!-- banner-section -->\n\t\t\t\t<section class=\"banner-section style-one\">\n\t\t\t<div class=\"banner-carousel owl-theme owl-carousel owl-dots-none\">\n\t\t\t\t\t\t\t\t <div class=\"slide-item\">\n\t\t\t\t\t\t<div class=\"image-layer\" style=\"background-image:url(https:\/\/infonot.ro\/wp-content\/uploads\/2020\/07\/pattern-2.png)\"><\/div>\n\t\t\t\t\t\t<div class=\"auto-container\">\n\t\t\t\t\t\t\t<div class=\"row clearfix\">\n\t\t\t\t\t\t\t\t\t\t\t\t\t\t\t\t<div class=\"col-xl-7 col-lg-12 col-md-12 content-column\">\n\t\t\t\t\t\t\t\t\t\t\t\t\t\t\t\t\t<div class=\"content-box\">\n\t\t\t\t\t\t\t\t\t\t\t\t\t\t\t\t\t\t\t<div class=\"title-text\">\n\t\t\t\t\t\t\t\t\t\t\t<h1 class=\"slider\"><br><br>Finan\u021bare, dotare, suport tehnic, administrare<\/h1>\n\t\t\t\t\t\t\t\t\t\t\t<div class=\"dotted-box\">\n\t\t\t\t\t\t\t\t\t\t\t\t<span class=\"dotted\"><\/span>\n\t\t\t\t\t\t\t\t\t\t\t\t<span class=\"dotted\"><\/span>\n\t\t\t\t\t\t\t\t\t\t\t\t<span class=\"dotted\"><\/span>\n\t\t\t\t\t\t\t\t\t\t\t<\/div>\n\t\t\t\t\t\t\t\t\t\t<\/div>\n\t\t\t\t\t\t\t\t\t\t\t\t\t\t\t\t\t\t\t\t<p><\/p>\n\t\t\t\t\t\t\t\t\t\t\t\t\t\t\t\t\t\t\t\t<div class=\"btn-box\">\n\t\t\t\t\t\t\t\t\t\t\t<a href=\"\"  target=\"_blank\"  rel=\"nofollow\" class=\"theme-btn-one\"><i class=\"flaticon-send\"><\/i><\/a>\n\t\t\t\t\t\t\t\t\t\t<\/div>\n\t\t\t\t\t\t\t\t\t<\/div>\n\t\t\t\t\t\t\t\t<\/div>\n\t\t\t\t\t\t\t<\/div>\n\t\t\t\t\t\t<\/div>\n\t\t\t\t\t<\/div> \n\t\t\t<\/div>\n\t\t<\/section>\n\t\t<!-- banner-section end -->\n\t\t\t\t\t\t\t<!-- banner-section end --> \n\t\t\t\t\t\t\t<\/div>\n\t\t\t\t<\/div>\n\t\t\t\t\t<\/div>\n\t\t<\/div>\n\t\t\t\t\t\t\t<\/div>\n\t\t<\/section>\n\t\t\t\t<section class=\"elementor-section elementor-top-section elementor-element elementor-element-258d5a3 elementor-section-boxed elementor-section-height-default elementor-section-height-default\" data-id=\"258d5a3\" data-element_type=\"section\">\n\t\t\t\t\t\t<div class=\"elementor-container elementor-column-gap-default\">\n\t\t\t\t\t<div class=\"elementor-column elementor-col-100 elementor-top-column elementor-element elementor-element-eaf9e50\" data-id=\"eaf9e50\" data-element_type=\"column\">\n\t\t\t<div class=\"elementor-widget-wrap elementor-element-populated\">\n\t\t\t\t\t\t\t\t<div class=\"elementor-element elementor-element-55f1233 elementor-widget elementor-widget-spacer\" data-id=\"55f1233\" data-element_type=\"widget\" data-widget_type=\"spacer.default\">\n\t\t\t\t<div class=\"elementor-widget-container\">\n\t\t\t\t\t<div class=\"elementor-spacer\">\n\t\t\t<div class=\"elementor-spacer-inner\"><\/div>\n\t\t<\/div>\n\t\t\t\t<\/div>\n\t\t\t\t<\/div>\n\t\t\t\t<div class=\"elementor-element elementor-element-4191fe2 elementor-invisible elementor-widget elementor-widget-visarzo_testimonial\" data-id=\"4191fe2\" data-element_type=\"widget\" data-settings=\"{&quot;_animation&quot;:&quot;fadeInRight&quot;}\" data-widget_type=\"visarzo_testimonial.default\">\n\t\t\t\t<div class=\"elementor-widget-container\">\n\t\t\t\t\t<!-- testimonial-section -->\n\t\t\t\t\t<section class=\"testimonial-section\">\n\t\t\t\t\n\t\t\t<div class=\"auto-container\">\n\t\t\t\t<div class=\"sec-title centred\">\n\t\t\t\t\t<p><\/p>\n\t\t\t\t\t<h2 class=\"testimonial\"><\/h2>\n\t\t\t\t\t<div class=\"dotted-box\">\n\t\t\t\t\t\t<span class=\"dotted\"><\/span>\n\t\t\t\t\t\t<span class=\"dotted\"><\/span>\n\t\t\t\t\t\t<span class=\"dotted\"><\/span>\n\t\t\t\t\t<\/div>\n\t\t\t\t<\/div>\n\t\t\t\t<div class=\"two-column-carousel owl-carousel owl-theme owl-nav-none\">\n\t\t\t\t\t\t\t\t\t\t <div class=\"testimonial-block-one\">\n\t\t\t\t\t\t\t<div class=\"inner-box\">\n\t\t\t\t\t\t\t\t<div class=\"author-inner\">\n\t\t\t\t\t\t\t\t\t<figure class=\"image-box\"><img decoding=\"async\" src=\"https:\/\/infonot.ro\/wp-content\/uploads\/2021\/09\/logo-CNARNN-1-e1632307632676.png\" title=\"logo-CNARNN\" alt=\"logo-CNARNN\" \/><\/figure>\n\t\t\t\t\t\t\t\t\t<h5><\/h5>\n\t\t\t\t\t\t\t\t\t<span class=\"designation\"><\/span>\n\t\t\t\t\t\t\t\t<\/div>\n\t\t\t\t\t\t\t\t<div class=\"content-inner\">\n\t\t\t\t\t\t\t\t\t<div class=\"rating-box\">\n\t\t\t\t\t\t\t\t\t\t<h6><\/h6>\n\t\t\t\t\t\t\t\t\t\t<ul class=\"rating\">\n\t\t\t\t\t\t\t\t\t\t\t\t\t\t\t\t\t\t\t\t\t<\/ul>\n\t\t\t\t\t\t\t\t\t<\/div>\n\t\t\t\t\t\t\t\t\t<div class=\"text\">\n\t\t\t\t\t\t\t\t\t\t<p><p style=\"font-size:20px;\">\n\u2022\tAplica\u021bia iNot a fost realizat\u0103 exclusiv din fondurile proprii ale CNARNN-Infonot care, de altfel, a achizi\u021bionat \u0219i a dotat \u0219i fiecare birou notarial  \u00een func\u021biune la data de 15.09.2020, cu echipamentul informatic \u0219i  licen\u021bele aferente, necesare utiliz\u0103rii aplica\u021biei iNot, echipament transmis acestora \u00een folosin\u021ba gratuit. <\/p>\n\t\t\t\t\t\t\t\t\t<\/div>\n\t\t\t\t\t\t\t\t<\/div>\n\t\t\t\t\t\t\t<\/div>\n\t\t\t\t\t\t<\/div> \t\t\t\t\t <div class=\"testimonial-block-one\">\n\t\t\t\t\t\t\t<div class=\"inner-box\">\n\t\t\t\t\t\t\t\t<div class=\"author-inner\">\n\t\t\t\t\t\t\t\t\t<figure class=\"image-box\"><img decoding=\"async\" src=\"https:\/\/infonot.ro\/wp-content\/uploads\/2021\/09\/logo-CNARNN-1-e1632307632676.png\" title=\"logo-CNARNN\" alt=\"logo-CNARNN\" \/><\/figure>\n\t\t\t\t\t\t\t\t\t<h5><\/h5>\n\t\t\t\t\t\t\t\t\t<span class=\"designation\"><\/span>\n\t\t\t\t\t\t\t\t<\/div>\n\t\t\t\t\t\t\t\t<div class=\"content-inner\">\n\t\t\t\t\t\t\t\t\t<div class=\"rating-box\">\n\t\t\t\t\t\t\t\t\t\t<h6><\/h6>\n\t\t\t\t\t\t\t\t\t\t<ul class=\"rating\">\n\t\t\t\t\t\t\t\t\t\t\t\t\t\t\t\t\t\t\t\t\t<\/ul>\n\t\t\t\t\t\t\t\t\t<\/div>\n\t\t\t\t\t\t\t\t\t<div class=\"text\">\n\t\t\t\t\t\t\t\t\t\t<p><p style=\"font-size:20px;\">\n\u2022\tLa nivelul CNARNN-Infonot a fost \u00eenfiin\u021bat un departament dedicat pentru acordarea suportului tehnic \u0219i aplicativ \u00een scopul inform\u0103rii \u0219i sprijinirii permanente a notarilor publici \u00een utilizarea aplica\u021biei iNot.<\/p>\n\t\t\t\t\t\t\t\t\t<\/div>\n\t\t\t\t\t\t\t\t<\/div>\n\t\t\t\t\t\t\t<\/div>\n\t\t\t\t\t\t<\/div> \t\t\t\t\t <div class=\"testimonial-block-one\">\n\t\t\t\t\t\t\t<div class=\"inner-box\">\n\t\t\t\t\t\t\t\t<div class=\"author-inner\">\n\t\t\t\t\t\t\t\t\t<figure class=\"image-box\"><img decoding=\"async\" src=\"https:\/\/infonot.ro\/wp-content\/uploads\/2021\/09\/logo-CNARNN-1-e1632307632676.png\" title=\"logo-CNARNN\" alt=\"logo-CNARNN\" \/><\/figure>\n\t\t\t\t\t\t\t\t\t<h5><\/h5>\n\t\t\t\t\t\t\t\t\t<span class=\"designation\"><\/span>\n\t\t\t\t\t\t\t\t<\/div>\n\t\t\t\t\t\t\t\t<div class=\"content-inner\">\n\t\t\t\t\t\t\t\t\t<div class=\"rating-box\">\n\t\t\t\t\t\t\t\t\t\t<h6><\/h6>\n\t\t\t\t\t\t\t\t\t\t<ul class=\"rating\">\n\t\t\t\t\t\t\t\t\t\t\t\t\t\t\t\t\t\t\t\t\t<\/ul>\n\t\t\t\t\t\t\t\t\t<\/div>\n\t\t\t\t\t\t\t\t\t<div class=\"text\">\n\t\t\t\t\t\t\t\t\t\t<p><p style=\"font-size:20px;\">\n\u2022\tAplica\u021bia iNot este g\u0103zduit\u0103 \u0219i administrat\u0103 de CNARNN Infonot, cu titlu gratuit,  pe serverele proprii, pe care sunt men\u021binute \u0219i Registrele CNARNN-Infonot \u0219i care ofer\u0103 un grad maxim de securitate, existent\u00e2nd \u0219i un back-up al acestora. <\/p>\n\t\t\t\t\t\t\t\t\t<\/div>\n\t\t\t\t\t\t\t\t<\/div>\n\t\t\t\t\t\t\t<\/div>\n\t\t\t\t\t\t<\/div> \t\t\t\t\t <div class=\"testimonial-block-one\">\n\t\t\t\t\t\t\t<div class=\"inner-box\">\n\t\t\t\t\t\t\t\t<div class=\"author-inner\">\n\t\t\t\t\t\t\t\t\t<figure class=\"image-box\"><img decoding=\"async\" src=\"https:\/\/infonot.ro\/wp-content\/uploads\/2021\/09\/logo-CNARNN-1-e1632307632676.png\" title=\"logo-CNARNN\" alt=\"logo-CNARNN\" \/><\/figure>\n\t\t\t\t\t\t\t\t\t<h5><\/h5>\n\t\t\t\t\t\t\t\t\t<span class=\"designation\"><\/span>\n\t\t\t\t\t\t\t\t<\/div>\n\t\t\t\t\t\t\t\t<div class=\"content-inner\">\n\t\t\t\t\t\t\t\t\t<div class=\"rating-box\">\n\t\t\t\t\t\t\t\t\t\t<h6><\/h6>\n\t\t\t\t\t\t\t\t\t\t<ul class=\"rating\">\n\t\t\t\t\t\t\t\t\t\t\t\t\t\t\t\t\t\t\t\t\t<\/ul>\n\t\t\t\t\t\t\t\t\t<\/div>\n\t\t\t\t\t\t\t\t\t<div class=\"text\">\n\t\t\t\t\t\t\t\t\t\t<p><p style=\"font-size:20px;\">\nInforma\u021biile \u0219i documentele introduse \u00een aplica\u021bia iNot pot fi folosite \u0219i vizualizate exclusiv de utilizatorii de la nivelul  biroului notarial care le-au creat, form\u00e2ndu-se astfel o baz\u0103 unic\u0103 a biroului. <\/p>\n\t\t\t\t\t\t\t\t\t<\/div>\n\t\t\t\t\t\t\t\t<\/div>\n\t\t\t\t\t\t\t<\/div>\n\t\t\t\t\t\t<\/div> \n\t\t\t\t<\/div>\n\t\t\t<\/div>\n\t\t<\/section>\n\t\t<!-- testimonial-section end -->\n\t\t\t\t<\/div>\n\t\t\t\t<\/div>\n\t\t\t\t\t<\/div>\n\t\t<\/div>\n\t\t\t\t\t\t\t<\/div>\n\t\t<\/section>\n\t\t\t\t\t\t<\/div>\n\t\t\t\t\t<\/div>\n\t\t","protected":false},"excerpt":{"rendered":"<p>Finan\u021bare, dotare, suport tehnic, administrare \u2022 Aplica\u021bia iNot a fost realizat\u0103 exclusiv din fondurile proprii ale CNARNN-Infonot care, de altfel, [&hellip;]<\/p>\n","protected":false},"author":1,"featured_media":0,"parent":0,"menu_order":0,"comment_status":"closed","ping_status":"closed","template":"elementor_header_footer","meta":{"footnotes":""},"class_list":["post-3109","page","type-page","status-publish","hentry"],"_links":{"self":[{"href":"https:\/\/infonot.ro\/index.php\/wp-json\/wp\/v2\/pages\/3109","targetHints":{"allow":["GET"]}}],"collection":[{"href":"https:\/\/infonot.ro\/index.php\/wp-json\/wp\/v2\/pages"}],"about":[{"href":"https:\/\/infonot.ro\/index.php\/wp-json\/wp\/v2\/types\/page"}],"author":[{"embeddable":true,"href":"https:\/\/infonot.ro\/index.php\/wp-json\/wp\/v2\/users\/1"}],"replies":[{"embeddable":true,"href":"https:\/\/infonot.ro\/index.php\/wp-json\/wp\/v2\/comments?post=3109"}],"version-history":[{"count":20,"href":"https:\/\/infonot.ro\/index.php\/wp-json\/wp\/v2\/pages\/3109\/revisions"}],"predecessor-version":[{"id":4126,"href":"https:\/\/infonot.ro\/index.php\/wp-json\/wp\/v2\/pages\/3109\/revisions\/4126"}],"wp:attachment":[{"href":"https:\/\/infonot.ro\/index.php\/wp-json\/wp\/v2\/media?parent=3109"}],"curies":[{"name":"wp","href":"https:\/\/api.w.org\/{rel}","templated":true}]}}