{"id":3107,"date":"2021-08-23T11:24:36","date_gmt":"2021-08-23T11:24:36","guid":{"rendered":"https:\/\/infonot.ro\/ersan\/?page_id=3107"},"modified":"2021-09-22T06:26:36","modified_gmt":"2021-09-22T06:26:36","slug":"acte-si-documente","status":"publish","type":"page","link":"https:\/\/infonot.ro\/index.php\/acte-si-documente\/","title":{"rendered":"ACTE \u0218I DOCUMENTE"},"content":{"rendered":"\t\t<div data-elementor-type=\"wp-page\" data-elementor-id=\"3107\" class=\"elementor elementor-3107\" data-elementor-settings=\"[]\">\n\t\t\t\t\t\t\t<div class=\"elementor-section-wrap\">\n\t\t\t\t\t\t\t<section class=\"elementor-section elementor-top-section elementor-element elementor-element-5c4adc2 elementor-section-stretched elementor-section-full_width elementor-section-height-default elementor-section-height-default\" data-id=\"5c4adc2\" data-element_type=\"section\" data-settings=\"{&quot;stretch_section&quot;:&quot;section-stretched&quot;}\">\n\t\t\t\t\t\t<div class=\"elementor-container elementor-column-gap-no\">\n\t\t\t\t\t<div class=\"elementor-column elementor-col-100 elementor-top-column elementor-element elementor-element-2d8dc38\" data-id=\"2d8dc38\" data-element_type=\"column\">\n\t\t\t<div class=\"elementor-widget-wrap elementor-element-populated\">\n\t\t\t\t\t\t\t\t<div class=\"elementor-element elementor-element-b06b158 animated-slow elementor-widget elementor-widget-visarzo_banner\" data-id=\"b06b158\" data-element_type=\"widget\" data-settings=\"{&quot;_animation_delay&quot;:500000000,&quot;_animation&quot;:&quot;none&quot;}\" data-widget_type=\"visarzo_banner.default\">\n\t\t\t\t<div class=\"elementor-widget-container\">\n\t\t\t\t\t<!-- banner-section -->\n\t\t\t\t<section class=\"banner-section style-one\">\n\t\t\t<div class=\"banner-carousel owl-theme owl-carousel owl-dots-none\">\n\t\t\t\t\t\t\t\t <div class=\"slide-item\">\n\t\t\t\t\t\t<div class=\"image-layer\" style=\"background-image:url(https:\/\/infonot.ro\/wp-content\/uploads\/2020\/07\/pattern-2.png)\"><\/div>\n\t\t\t\t\t\t<div class=\"auto-container\">\n\t\t\t\t\t\t\t<div class=\"row clearfix\">\n\t\t\t\t\t\t\t\t\t\t\t\t\t\t\t\t<div class=\"col-xl-7 col-lg-12 col-md-12 content-column\">\n\t\t\t\t\t\t\t\t\t\t\t\t\t\t\t\t\t<div class=\"content-box\">\n\t\t\t\t\t\t\t\t\t\t\t\t\t\t\t\t\t\t\t<div class=\"title-text\">\n\t\t\t\t\t\t\t\t\t\t\t<h1 class=\"slider\"><br><br>Modulul Acte \u0219i Documente<\/h1>\n\t\t\t\t\t\t\t\t\t\t\t<div class=\"dotted-box\">\n\t\t\t\t\t\t\t\t\t\t\t\t<span class=\"dotted\"><\/span>\n\t\t\t\t\t\t\t\t\t\t\t\t<span class=\"dotted\"><\/span>\n\t\t\t\t\t\t\t\t\t\t\t\t<span class=\"dotted\"><\/span>\n\t\t\t\t\t\t\t\t\t\t\t<\/div>\n\t\t\t\t\t\t\t\t\t\t<\/div>\n\t\t\t\t\t\t\t\t\t\t\t\t\t\t\t\t\t\t\t\t<p><\/p>\n\t\t\t\t\t\t\t\t\t\t\t\t\t\t\t\t\t\t\t\t<div class=\"btn-box\">\n\t\t\t\t\t\t\t\t\t\t\t<a href=\"\"  target=\"_blank\"  rel=\"nofollow\" class=\"theme-btn-one\"><i class=\"flaticon-send\"><\/i><\/a>\n\t\t\t\t\t\t\t\t\t\t<\/div>\n\t\t\t\t\t\t\t\t\t<\/div>\n\t\t\t\t\t\t\t\t<\/div>\n\t\t\t\t\t\t\t<\/div>\n\t\t\t\t\t\t<\/div>\n\t\t\t\t\t<\/div> \n\t\t\t<\/div>\n\t\t<\/section>\n\t\t<!-- banner-section end -->\n\t\t\t\t\t\t\t<!-- banner-section end --> \n\t\t\t\t\t\t\t<\/div>\n\t\t\t\t<\/div>\n\t\t\t\t\t<\/div>\n\t\t<\/div>\n\t\t\t\t\t\t\t<\/div>\n\t\t<\/section>\n\t\t\t\t<section class=\"elementor-section elementor-top-section elementor-element elementor-element-a595f13 elementor-section-boxed elementor-section-height-default elementor-section-height-default\" data-id=\"a595f13\" data-element_type=\"section\">\n\t\t\t\t\t\t<div class=\"elementor-container elementor-column-gap-default\">\n\t\t\t\t\t<div class=\"elementor-column elementor-col-100 elementor-top-column elementor-element elementor-element-5d55983\" data-id=\"5d55983\" data-element_type=\"column\">\n\t\t\t<div class=\"elementor-widget-wrap elementor-element-populated\">\n\t\t\t\t\t\t\t\t<div class=\"elementor-element elementor-element-48d39f6 elementor-widget elementor-widget-spacer\" data-id=\"48d39f6\" data-element_type=\"widget\" data-widget_type=\"spacer.default\">\n\t\t\t\t<div class=\"elementor-widget-container\">\n\t\t\t\t\t<div class=\"elementor-spacer\">\n\t\t\t<div class=\"elementor-spacer-inner\"><\/div>\n\t\t<\/div>\n\t\t\t\t<\/div>\n\t\t\t\t<\/div>\n\t\t\t\t<div class=\"elementor-element elementor-element-38cec0b elementor-invisible elementor-widget elementor-widget-single_service_image\" data-id=\"38cec0b\" data-element_type=\"widget\" data-settings=\"{&quot;_animation&quot;:&quot;fadeInLeft&quot;}\" data-widget_type=\"single_service_image.default\">\n\t\t\t\t<div class=\"elementor-widget-container\">\n\t\t\t \n\t\t\t\t\t\t<div class=\"two-column\">\n\t\t\t\t\t<div class=\"row align-items-center clearfix\">\n\t\t\t\t\t\t<div class=\"col-lg-6 col-md-6 col-sm-12 column\">\n\t\t\t\t\t\t\t<div class=\"text\">\n\t\t\t\t\t\t\t\t\t\t\t\t\t\t\t\t<p><p style=\"font-size:20px;\">\n<br>\u2022\tAplica\u021bia pune la dispozi\u021bia utilizatorilor un set de aproximativ 200 de modele de acte notariale, precum \u0219i \u00een jur de 70 de modele de coresponden\u021b\u0103, put\u00e2nd ca acestea s\u0103 fie personalizate de fiecare utilizator \u00een parte.<br>\n\u2022\tCu ajutorul acestui modul sunt generate \u0219i redactate actele \u0219i procedurile notariale din cadrul activit\u0103\u021bii unui birou notarial, opera\u021biune extrem de facil\u0103 \u00eentruc\u00e2t mare parte din con\u021binutul unui act beneficiaz\u0103 de automatiz\u0103rile aplica\u021biei.\n<\/p>\n\t\t\t\t\t\t\t\t<ul class=\"list clearfix\">\n\t\t\t\t\t\t\t\t\t\t\t\t\t\t\t\t\t<\/ul>\n\t\t\t\t\t\t\t<\/div>\n\t\t\t\t\t\t<\/div>\n\t\t\t\t\t\t<div class=\"col-lg-6 col-md-6 col-sm-12 column\">\n\t\t\t\t\t\t\t<figure class=\"image-box\"><img decoding=\"async\" src=\"https:\/\/infonot.ro\/wp-content\/uploads\/2020\/07\/about-1.jpg\" title=\"about-1\" alt=\"about-1\" \/><\/figure>\n\t\t\t\t\t\t<\/div>\n\t\t\t\t\t<\/div>\n\t\t\t\t\t<div class=\"lower-box\">\n\t\t\t\t\t\t\t\t\t\t\t\t\t\t\t\t\t\t\n\t\t\t\t\t<\/div>\n\t\t\t\t<\/div>\n\t\t\t\t\t\t<\/div>\n\t\t\t\t<\/div>\n\t\t\t\t\t<\/div>\n\t\t<\/div>\n\t\t\t\t\t\t\t<\/div>\n\t\t<\/section>\n\t\t\t\t<section class=\"elementor-section elementor-top-section elementor-element elementor-element-fbe24cc elementor-section-boxed elementor-section-height-default elementor-section-height-default\" data-id=\"fbe24cc\" data-element_type=\"section\">\n\t\t\t\t\t\t<div class=\"elementor-container elementor-column-gap-default\">\n\t\t\t\t\t<div class=\"elementor-column elementor-col-100 elementor-top-column elementor-element elementor-element-56a2136\" data-id=\"56a2136\" data-element_type=\"column\">\n\t\t\t<div class=\"elementor-widget-wrap elementor-element-populated\">\n\t\t\t\t\t\t\t\t<div class=\"elementor-element elementor-element-7a1627a elementor-widget elementor-widget-spacer\" data-id=\"7a1627a\" data-element_type=\"widget\" data-widget_type=\"spacer.default\">\n\t\t\t\t<div class=\"elementor-widget-container\">\n\t\t\t\t\t<div class=\"elementor-spacer\">\n\t\t\t<div class=\"elementor-spacer-inner\"><\/div>\n\t\t<\/div>\n\t\t\t\t<\/div>\n\t\t\t\t<\/div>\n\t\t\t\t\t<\/div>\n\t\t<\/div>\n\t\t\t\t\t\t\t<\/div>\n\t\t<\/section>\n\t\t\t\t\t\t<\/div>\n\t\t\t\t\t<\/div>\n\t\t","protected":false},"excerpt":{"rendered":"<p>Modulul Acte \u0219i Documente \u2022 Aplica\u021bia pune la dispozi\u021bia utilizatorilor un set de aproximativ 200 de modele de acte notariale, [&hellip;]<\/p>\n","protected":false},"author":1,"featured_media":0,"parent":0,"menu_order":0,"comment_status":"closed","ping_status":"closed","template":"elementor_header_footer","meta":{"footnotes":""},"class_list":["post-3107","page","type-page","status-publish","hentry"],"_links":{"self":[{"href":"https:\/\/infonot.ro\/index.php\/wp-json\/wp\/v2\/pages\/3107","targetHints":{"allow":["GET"]}}],"collection":[{"href":"https:\/\/infonot.ro\/index.php\/wp-json\/wp\/v2\/pages"}],"about":[{"href":"https:\/\/infonot.ro\/index.php\/wp-json\/wp\/v2\/types\/page"}],"author":[{"embeddable":true,"href":"https:\/\/infonot.ro\/index.php\/wp-json\/wp\/v2\/users\/1"}],"replies":[{"embeddable":true,"href":"https:\/\/infonot.ro\/index.php\/wp-json\/wp\/v2\/comments?post=3107"}],"version-history":[{"count":11,"href":"https:\/\/infonot.ro\/index.php\/wp-json\/wp\/v2\/pages\/3107\/revisions"}],"predecessor-version":[{"id":3953,"href":"https:\/\/infonot.ro\/index.php\/wp-json\/wp\/v2\/pages\/3107\/revisions\/3953"}],"wp:attachment":[{"href":"https:\/\/infonot.ro\/index.php\/wp-json\/wp\/v2\/media?parent=3107"}],"curies":[{"name":"wp","href":"https:\/\/api.w.org\/{rel}","templated":true}]}}