{"id":3103,"date":"2021-08-23T11:24:28","date_gmt":"2021-08-23T11:24:28","guid":{"rendered":"https:\/\/infonot.ro\/ersan\/?page_id=3103"},"modified":"2021-09-23T10:19:32","modified_gmt":"2021-09-23T10:19:32","slug":"prezentare-generala","status":"publish","type":"page","link":"https:\/\/infonot.ro\/index.php\/prezentare-generala\/","title":{"rendered":"Prezentare general\u0103"},"content":{"rendered":"\t\t<div data-elementor-type=\"wp-page\" data-elementor-id=\"3103\" class=\"elementor elementor-3103\" data-elementor-settings=\"[]\">\n\t\t\t\t\t\t\t<div class=\"elementor-section-wrap\">\n\t\t\t\t\t\t\t<section class=\"elementor-section elementor-top-section elementor-element elementor-element-5c4adc2 elementor-section-stretched elementor-section-full_width elementor-section-height-default elementor-section-height-default\" data-id=\"5c4adc2\" data-element_type=\"section\" data-settings=\"{&quot;stretch_section&quot;:&quot;section-stretched&quot;}\">\n\t\t\t\t\t\t<div class=\"elementor-container elementor-column-gap-no\">\n\t\t\t\t\t<div class=\"elementor-column elementor-col-100 elementor-top-column elementor-element elementor-element-2d8dc38\" data-id=\"2d8dc38\" data-element_type=\"column\">\n\t\t\t<div class=\"elementor-widget-wrap elementor-element-populated\">\n\t\t\t\t\t\t\t\t<div class=\"elementor-element elementor-element-b06b158 animated-slow elementor-widget elementor-widget-visarzo_banner\" data-id=\"b06b158\" data-element_type=\"widget\" data-settings=\"{&quot;_animation_delay&quot;:500000000,&quot;_animation&quot;:&quot;none&quot;}\" data-widget_type=\"visarzo_banner.default\">\n\t\t\t\t<div class=\"elementor-widget-container\">\n\t\t\t\t\t<!-- banner-section -->\n\t\t\t\t<section class=\"banner-section style-one\">\n\t\t\t<div class=\"banner-carousel owl-theme owl-carousel owl-dots-none\">\n\t\t\t\t\t\t\t\t <div class=\"slide-item\">\n\t\t\t\t\t\t<div class=\"image-layer\" style=\"background-image:url(https:\/\/infonot.ro\/wp-content\/uploads\/2020\/07\/pattern-2.png)\"><\/div>\n\t\t\t\t\t\t<div class=\"auto-container\">\n\t\t\t\t\t\t\t<div class=\"row clearfix\">\n\t\t\t\t\t\t\t\t\t\t\t\t\t\t\t\t<div class=\"col-xl-7 col-lg-12 col-md-12 content-column\">\n\t\t\t\t\t\t\t\t\t\t\t\t\t\t\t\t\t<div class=\"content-box\">\n\t\t\t\t\t\t\t\t\t\t\t\t\t\t\t\t\t\t\t<div class=\"title-text\">\n\t\t\t\t\t\t\t\t\t\t\t<h1 class=\"slider\"><br><br>Prezentare general\u0103<\/h1>\n\t\t\t\t\t\t\t\t\t\t\t<div class=\"dotted-box\">\n\t\t\t\t\t\t\t\t\t\t\t\t<span class=\"dotted\"><\/span>\n\t\t\t\t\t\t\t\t\t\t\t\t<span class=\"dotted\"><\/span>\n\t\t\t\t\t\t\t\t\t\t\t\t<span class=\"dotted\"><\/span>\n\t\t\t\t\t\t\t\t\t\t\t<\/div>\n\t\t\t\t\t\t\t\t\t\t<\/div>\n\t\t\t\t\t\t\t\t\t\t\t\t\t\t\t\t\t\t\t\t<p><\/p>\n\t\t\t\t\t\t\t\t\t\t\t\t\t\t\t\t\t\t\t\t<div class=\"btn-box\">\n\t\t\t\t\t\t\t\t\t\t\t<a href=\"\"  target=\"_blank\"  rel=\"nofollow\" class=\"theme-btn-one\"><i class=\"flaticon-send\"><\/i><\/a>\n\t\t\t\t\t\t\t\t\t\t<\/div>\n\t\t\t\t\t\t\t\t\t<\/div>\n\t\t\t\t\t\t\t\t<\/div>\n\t\t\t\t\t\t\t<\/div>\n\t\t\t\t\t\t<\/div>\n\t\t\t\t\t<\/div> \n\t\t\t<\/div>\n\t\t<\/section>\n\t\t<!-- banner-section end -->\n\t\t\t\t\t\t\t<!-- banner-section end --> \n\t\t\t\t\t\t\t<\/div>\n\t\t\t\t<\/div>\n\t\t\t\t\t<\/div>\n\t\t<\/div>\n\t\t\t\t\t\t\t<\/div>\n\t\t<\/section>\n\t\t\t\t<section class=\"elementor-section elementor-top-section elementor-element elementor-element-ff62dca elementor-section-boxed elementor-section-height-default elementor-section-height-default\" data-id=\"ff62dca\" data-element_type=\"section\">\n\t\t\t\t\t\t<div class=\"elementor-container elementor-column-gap-default\">\n\t\t\t\t\t<div class=\"elementor-column elementor-col-100 elementor-top-column elementor-element elementor-element-5db9ea0\" data-id=\"5db9ea0\" data-element_type=\"column\">\n\t\t\t<div class=\"elementor-widget-wrap elementor-element-populated\">\n\t\t\t\t\t\t\t\t<div class=\"elementor-element elementor-element-8f28a05 elementor-widget elementor-widget-spacer\" data-id=\"8f28a05\" data-element_type=\"widget\" data-widget_type=\"spacer.default\">\n\t\t\t\t<div class=\"elementor-widget-container\">\n\t\t\t\t\t<div class=\"elementor-spacer\">\n\t\t\t<div class=\"elementor-spacer-inner\"><\/div>\n\t\t<\/div>\n\t\t\t\t<\/div>\n\t\t\t\t<\/div>\n\t\t\t\t\t<\/div>\n\t\t<\/div>\n\t\t\t\t\t\t\t<\/div>\n\t\t<\/section>\n\t\t\t\t<section class=\"elementor-section elementor-top-section elementor-element elementor-element-61750cc elementor-section-stretched elementor-section-boxed elementor-section-height-default elementor-section-height-default\" data-id=\"61750cc\" data-element_type=\"section\" data-settings=\"{&quot;stretch_section&quot;:&quot;section-stretched&quot;}\">\n\t\t\t\t\t\t<div class=\"elementor-container elementor-column-gap-default\">\n\t\t\t\t\t<div class=\"elementor-column elementor-col-100 elementor-top-column elementor-element elementor-element-531ee38\" data-id=\"531ee38\" data-element_type=\"column\">\n\t\t\t<div class=\"elementor-widget-wrap elementor-element-populated\">\n\t\t\t\t\t\t\t\t<div class=\"elementor-element elementor-element-a31ff69 elementor-invisible elementor-widget elementor-widget-single_service_image\" data-id=\"a31ff69\" data-element_type=\"widget\" data-settings=\"{&quot;_animation&quot;:&quot;fadeInLeft&quot;}\" data-widget_type=\"single_service_image.default\">\n\t\t\t\t<div class=\"elementor-widget-container\">\n\t\t\t \n\t\t\t\t<div class=\"two-column\">\n\t\t\t<div class=\"row align-items-center clearfix\">\n\t\t\t\t<div class=\"col-lg-6 col-md-6 col-sm-12 image-column\">\n\t\t\t\t\t<figure class=\"image-box\"><img decoding=\"async\" src=\"https:\/\/infonot.ro\/wp-content\/uploads\/2020\/08\/service-13.jpg\" title=\"service-13\" alt=\"service-13\" \/><\/figure>\n\t\t\t\t<\/div>\n\t\t\t\t<div class=\"col-lg-6 col-md-6 col-sm-12 content-column\">\n\t\t\t\t\t<div class=\"content-box\">\n\t\t\t\t\t\t<h3><\/h3>\n\t\t\t\t\t\t<ul class=\"list clearfix\">\n\t\t\t\t\t\t\t\t\t\t\t\t\t<\/ul>\n\t\t\t\t\t<\/div>\n\t\t\t\t<\/div>\n\t\t\t<\/div>\n\t\t\t<div class=\"text\">\n\t\t\t\t<h2 class=\"two_column\"><\/h2>\n\t\t\t\t<p><p style=\"font-size:20px;\">\n<br>\u2022\t<strong>Aplica\u021bia iNot<\/strong> este un program informatic pentru gestiunea activit\u0103\u021bii notariale, realizat exclusiv pentru notarii publici din cadrul Uniunii Na\u021b\u00edonale a Notarilor Publici din Rom\u00e2nia (U.N.N.P.R.) de c\u0103tre Centrul Na\u021bional de Administrare al Registrelor Na\u021bionale Notariale \u2013 Infonot (C.N.A.R.N.N. \u2013 Infonot) \u00een cooperare cu o firm\u0103 din Fran\u021ba, proiect demarat \u00een anul 2018 \u0219i finalizat, \u00eentr-o prim\u0103 etap\u0103, \u00een anul 2020. Acest program a fost dat \u00een exploatare \u00een luna ianuarie 2021 tuturor notarilor publici care au optat s\u0103 lucreze cu aplica\u021bia.<br><br>\n\n\n<\/p>\n\t\t\t<\/div>\n\t\t<\/div> \n\t\t\t\t<\/div>\n\t\t\t\t<\/div>\n\t\t\t\t\t<\/div>\n\t\t<\/div>\n\t\t\t\t\t\t\t<\/div>\n\t\t<\/section>\n\t\t\t\t<section class=\"elementor-section elementor-top-section elementor-element elementor-element-f24c924 elementor-section-boxed elementor-section-height-default elementor-section-height-default\" data-id=\"f24c924\" data-element_type=\"section\">\n\t\t\t\t\t\t<div class=\"elementor-container elementor-column-gap-default\">\n\t\t\t\t\t<div class=\"elementor-column elementor-col-100 elementor-top-column elementor-element elementor-element-f5afcd1\" data-id=\"f5afcd1\" data-element_type=\"column\">\n\t\t\t<div class=\"elementor-widget-wrap elementor-element-populated\">\n\t\t\t\t\t\t\t\t<div class=\"elementor-element elementor-element-d300f8b elementor-invisible elementor-widget elementor-widget-single_service_image\" data-id=\"d300f8b\" data-element_type=\"widget\" data-settings=\"{&quot;_animation&quot;:&quot;fadeInLeft&quot;}\" data-widget_type=\"single_service_image.default\">\n\t\t\t\t<div class=\"elementor-widget-container\">\n\t\t\t \n\t\t\t\t\t\t<div class=\"two-column\">\n\t\t\t\t\t<div class=\"row align-items-center clearfix\">\n\t\t\t\t\t\t<div class=\"col-lg-6 col-md-6 col-sm-12 column\">\n\t\t\t\t\t\t\t<div class=\"text\">\n\t\t\t\t\t\t\t\t\t\t\t\t\t\t\t\t<p><p style=\"font-size:20px;\">\n\u2022\t<strong>Aplica\u021bia iNot<\/strong> are ca principal obiectiv eficientizarea activit\u0103\u021bii notariale la nivelul fiec\u0103rui birou, aceasta put\u00e2nd fi utilizat\u0103 at\u00e2t de notarii publici c\u00e2t \u0219i de personalul angajat al acestora, fiind o platform\u0103 informatic\u0103 colaborativ\u0103.<br><br>\n\n\u2022\t<strong>Aplica\u021bia iNot<\/strong> Rom\u00e2nia este structurat\u0103 pe mai multe module interconectate, care \u00eempreun\u0103 concur\u0103 la redactarea cu u\u0219urin\u021b\u0103 a actelor\/procedurilor notariale, la gestionarea  activit\u0103\u021bii, la o rapid\u0103 \u0219i eficient\u0103 comunicare cu p\u0103r\u021bile actului notarial \u0219i cu autorit\u0103\u021bile incidente, oferind  posibilitatea acces\u0103rii rapide a leg\u0103turilor informatice externe \u2013 link-uri - cu autorit\u0103\u021bile care au inciden\u021b\u0103 \u00een activitatea notarial\u0103<br><br>\n\n\u2022\t<strong>Aplica\u021bia iNot<\/strong> are \u00een componen\u021ba sa urm\u0103toarele module interconectate: Clien\u021bi, Imobile, Dosare, Acte \u0219i Documente, Agend\u0103, Outlook \u0219i   iNotScan.<br><br><br><\/p>\n\t\t\t\t\t\t\t\t<ul class=\"list clearfix\">\n\t\t\t\t\t\t\t\t\t\t\t\t\t\t\t\t\t<\/ul>\n\t\t\t\t\t\t\t<\/div>\n\t\t\t\t\t\t<\/div>\n\t\t\t\t\t\t<div class=\"col-lg-6 col-md-6 col-sm-12 column\">\n\t\t\t\t\t\t\t<figure class=\"image-box\"><img decoding=\"async\" src=\"https:\/\/infonot.ro\/wp-content\/uploads\/2021\/09\/shutterstock_1032426265-scaled.jpg\" title=\"Senior,And,Young,Female,Colleagues,Discuss,Online,Project,Look,At\" alt=\"Senior,And,Young,Female,Colleagues,Discuss,Online,Project,Look,At\" \/><\/figure>\n\t\t\t\t\t\t<\/div>\n\t\t\t\t\t<\/div>\n\t\t\t\t\t<div class=\"lower-box\">\n\t\t\t\t\t\t\t\t\t\t\t\t\t\t\t\t\t\t\n\t\t\t\t\t<\/div>\n\t\t\t\t<\/div>\n\t\t\t\t\t\t<\/div>\n\t\t\t\t<\/div>\n\t\t\t\t\t<\/div>\n\t\t<\/div>\n\t\t\t\t\t\t\t<\/div>\n\t\t<\/section>\n\t\t\t\t<section class=\"elementor-section elementor-top-section elementor-element elementor-element-997613a elementor-section-boxed elementor-section-height-default elementor-section-height-default\" data-id=\"997613a\" data-element_type=\"section\">\n\t\t\t\t\t\t<div class=\"elementor-container elementor-column-gap-default\">\n\t\t\t\t\t<div class=\"elementor-column elementor-col-100 elementor-top-column elementor-element elementor-element-e09419d\" data-id=\"e09419d\" data-element_type=\"column\">\n\t\t\t<div class=\"elementor-widget-wrap elementor-element-populated\">\n\t\t\t\t\t\t\t\t<div class=\"elementor-element elementor-element-379fae9 elementor-widget elementor-widget-spacer\" data-id=\"379fae9\" data-element_type=\"widget\" data-widget_type=\"spacer.default\">\n\t\t\t\t<div class=\"elementor-widget-container\">\n\t\t\t\t\t<div class=\"elementor-spacer\">\n\t\t\t<div class=\"elementor-spacer-inner\"><\/div>\n\t\t<\/div>\n\t\t\t\t<\/div>\n\t\t\t\t<\/div>\n\t\t\t\t\t<\/div>\n\t\t<\/div>\n\t\t\t\t\t\t\t<\/div>\n\t\t<\/section>\n\t\t\t\t\t\t<\/div>\n\t\t\t\t\t<\/div>\n\t\t","protected":false},"excerpt":{"rendered":"<p>Prezentare general\u0103 \u2022 Aplica\u021bia iNot este un program informatic pentru gestiunea activit\u0103\u021bii notariale, realizat exclusiv pentru notarii publici din cadrul [&hellip;]<\/p>\n","protected":false},"author":1,"featured_media":0,"parent":0,"menu_order":0,"comment_status":"closed","ping_status":"closed","template":"elementor_header_footer","meta":{"footnotes":""},"class_list":["post-3103","page","type-page","status-publish","hentry"],"_links":{"self":[{"href":"https:\/\/infonot.ro\/index.php\/wp-json\/wp\/v2\/pages\/3103","targetHints":{"allow":["GET"]}}],"collection":[{"href":"https:\/\/infonot.ro\/index.php\/wp-json\/wp\/v2\/pages"}],"about":[{"href":"https:\/\/infonot.ro\/index.php\/wp-json\/wp\/v2\/types\/page"}],"author":[{"embeddable":true,"href":"https:\/\/infonot.ro\/index.php\/wp-json\/wp\/v2\/users\/1"}],"replies":[{"embeddable":true,"href":"https:\/\/infonot.ro\/index.php\/wp-json\/wp\/v2\/comments?post=3103"}],"version-history":[{"count":17,"href":"https:\/\/infonot.ro\/index.php\/wp-json\/wp\/v2\/pages\/3103\/revisions"}],"predecessor-version":[{"id":4117,"href":"https:\/\/infonot.ro\/index.php\/wp-json\/wp\/v2\/pages\/3103\/revisions\/4117"}],"wp:attachment":[{"href":"https:\/\/infonot.ro\/index.php\/wp-json\/wp\/v2\/media?parent=3103"}],"curies":[{"name":"wp","href":"https:\/\/api.w.org\/{rel}","templated":true}]}}