{"id":3100,"date":"2021-08-23T11:24:23","date_gmt":"2021-08-23T11:24:23","guid":{"rendered":"https:\/\/infonot.ro\/ersan\/?page_id=3100"},"modified":"2021-09-22T06:30:40","modified_gmt":"2021-09-22T06:30:40","slug":"registrul-national-notarial-al-regimurilor-matrimoniale","status":"publish","type":"page","link":"https:\/\/infonot.ro\/index.php\/registrul-national-notarial-al-regimurilor-matrimoniale\/","title":{"rendered":"Registrul Na\u0163ional Notarial al Regimurilor Matrimoniale"},"content":{"rendered":"\t\t<div data-elementor-type=\"wp-page\" data-elementor-id=\"3100\" class=\"elementor elementor-3100\" data-elementor-settings=\"[]\">\n\t\t\t\t\t\t\t<div class=\"elementor-section-wrap\">\n\t\t\t\t\t\t\t<section class=\"elementor-section elementor-top-section elementor-element elementor-element-5c4adc2 elementor-section-stretched elementor-section-full_width elementor-section-height-default elementor-section-height-default\" data-id=\"5c4adc2\" data-element_type=\"section\" data-settings=\"{&quot;stretch_section&quot;:&quot;section-stretched&quot;}\">\n\t\t\t\t\t\t<div class=\"elementor-container elementor-column-gap-no\">\n\t\t\t\t\t<div class=\"elementor-column elementor-col-100 elementor-top-column elementor-element elementor-element-2d8dc38\" data-id=\"2d8dc38\" data-element_type=\"column\">\n\t\t\t<div class=\"elementor-widget-wrap elementor-element-populated\">\n\t\t\t\t\t\t\t\t<div class=\"elementor-element elementor-element-b06b158 animated-slow elementor-widget elementor-widget-visarzo_banner\" data-id=\"b06b158\" data-element_type=\"widget\" data-settings=\"{&quot;_animation_delay&quot;:500000000,&quot;_animation&quot;:&quot;none&quot;}\" data-widget_type=\"visarzo_banner.default\">\n\t\t\t\t<div class=\"elementor-widget-container\">\n\t\t\t\t\t<!-- banner-section -->\n\t\t\t\t<section class=\"banner-section style-one\">\n\t\t\t<div class=\"banner-carousel owl-theme owl-carousel owl-dots-none\">\n\t\t\t\t\t\t\t\t <div class=\"slide-item\">\n\t\t\t\t\t\t<div class=\"image-layer\" style=\"background-image:url(https:\/\/infonot.ro\/wp-content\/uploads\/2020\/07\/pattern-4.png)\"><\/div>\n\t\t\t\t\t\t<div class=\"auto-container\">\n\t\t\t\t\t\t\t<div class=\"row clearfix\">\n\t\t\t\t\t\t\t\t\t\t\t\t\t\t\t\t<div class=\"col-xl-7 col-lg-12 col-md-12 content-column\">\n\t\t\t\t\t\t\t\t\t\t\t\t\t\t\t\t\t<div class=\"content-box\">\n\t\t\t\t\t\t\t\t\t\t\t\t\t\t\t\t\t\t\t<div class=\"title-text\">\n\t\t\t\t\t\t\t\t\t\t\t<h1 class=\"slider\"><br>Registrul Na\u0163ional Notarial al Regimurilor Matrimoniale - RNNRM<\/h1>\n\t\t\t\t\t\t\t\t\t\t\t<div class=\"dotted-box\">\n\t\t\t\t\t\t\t\t\t\t\t\t<span class=\"dotted\"><\/span>\n\t\t\t\t\t\t\t\t\t\t\t\t<span class=\"dotted\"><\/span>\n\t\t\t\t\t\t\t\t\t\t\t\t<span class=\"dotted\"><\/span>\n\t\t\t\t\t\t\t\t\t\t\t<\/div>\n\t\t\t\t\t\t\t\t\t\t<\/div>\n\t\t\t\t\t\t\t\t\t\t\t\t\t\t\t\t\t\t\t\t<p><\/p>\n\t\t\t\t\t\t\t\t\t\t\t\t\t\t\t\t\t\t\t\t<div class=\"btn-box\">\n\t\t\t\t\t\t\t\t\t\t\t<a href=\"\"  target=\"_blank\"  rel=\"nofollow\" class=\"theme-btn-one\"><i class=\"flaticon-send\"><\/i><\/a>\n\t\t\t\t\t\t\t\t\t\t<\/div>\n\t\t\t\t\t\t\t\t\t<\/div>\n\t\t\t\t\t\t\t\t<\/div>\n\t\t\t\t\t\t\t<\/div>\n\t\t\t\t\t\t<\/div>\n\t\t\t\t\t<\/div> \n\t\t\t<\/div>\n\t\t<\/section>\n\t\t<!-- banner-section end -->\n\t\t\t\t\t\t\t<!-- banner-section end --> \n\t\t\t\t\t\t\t<\/div>\n\t\t\t\t<\/div>\n\t\t\t\t\t<\/div>\n\t\t<\/div>\n\t\t\t\t\t\t\t<\/div>\n\t\t<\/section>\n\t\t\t\t<section class=\"elementor-section elementor-top-section elementor-element elementor-element-210a8b4 elementor-section-boxed elementor-section-height-default elementor-section-height-default\" data-id=\"210a8b4\" data-element_type=\"section\">\n\t\t\t\t\t\t<div class=\"elementor-container elementor-column-gap-default\">\n\t\t\t\t\t<div class=\"elementor-column elementor-col-100 elementor-top-column elementor-element elementor-element-ce453cc\" data-id=\"ce453cc\" data-element_type=\"column\">\n\t\t\t<div class=\"elementor-widget-wrap elementor-element-populated\">\n\t\t\t\t\t\t\t\t<div class=\"elementor-element elementor-element-37c487b elementor-widget elementor-widget-spacer\" data-id=\"37c487b\" data-element_type=\"widget\" data-widget_type=\"spacer.default\">\n\t\t\t\t<div class=\"elementor-widget-container\">\n\t\t\t\t\t<div class=\"elementor-spacer\">\n\t\t\t<div class=\"elementor-spacer-inner\"><\/div>\n\t\t<\/div>\n\t\t\t\t<\/div>\n\t\t\t\t<\/div>\n\t\t\t\t\t<\/div>\n\t\t<\/div>\n\t\t\t\t\t\t\t<\/div>\n\t\t<\/section>\n\t\t\t\t<section class=\"elementor-section elementor-top-section elementor-element elementor-element-153fa1b elementor-section-boxed elementor-section-height-default elementor-section-height-default\" data-id=\"153fa1b\" data-element_type=\"section\">\n\t\t\t\t\t\t<div class=\"elementor-container elementor-column-gap-default\">\n\t\t\t\t\t<div class=\"elementor-column elementor-col-100 elementor-top-column elementor-element elementor-element-2e4bbd0\" data-id=\"2e4bbd0\" data-element_type=\"column\">\n\t\t\t<div class=\"elementor-widget-wrap elementor-element-populated\">\n\t\t\t\t\t\t\t\t<div class=\"elementor-element elementor-element-22f016e elementor-view-default elementor-position-top elementor-vertical-align-top elementor-invisible elementor-widget elementor-widget-icon-box\" data-id=\"22f016e\" data-element_type=\"widget\" data-settings=\"{&quot;_animation&quot;:&quot;fadeInLeft&quot;}\" data-widget_type=\"icon-box.default\">\n\t\t\t\t<div class=\"elementor-widget-container\">\n\t\t\t\t\t<div class=\"elementor-icon-box-wrapper\">\n\t\t\t\t\t\t<div class=\"elementor-icon-box-icon\">\n\t\t\t\t<span class=\"elementor-icon elementor-animation-\" >\n\t\t\t\t<i aria-hidden=\"true\" class=\"far fa-folder\"><\/i>\t\t\t\t<\/span>\n\t\t\t<\/div>\n\t\t\t\t\t\t<div class=\"elementor-icon-box-content\">\n\t\t\t\t<h2 class=\"elementor-icon-box-title\">\n\t\t\t\t\t<span  >\n\t\t\t\t\t\t\t\t\t\t\t<\/span>\n\t\t\t\t<\/h2>\n\t\t\t\t\t\t\t\t\t<p class=\"elementor-icon-box-description\">\n\t\t\t\t\t\t<p style=\"font-size:20px;\">\n<br>\u2022\tRegistrul Na\u0163ional Notarial al Regimurilor Matrimoniale - RNNRM, \u00eenfiin\u021bat odat\u0103 cu intrarea \u00een vigoare a noului Cod Civil (1 octombrie 2011) este registrul \u00een care se \u00eenscrie   regimul matrimonial ales de so\u021bi \u0219i care apare men\u021bionat \u00een actul de c\u0103s\u0103torie sau \u00een \nconven\u021bia matrimonial\u0103 prin care se adopt\u0103 sau se modific\u0103 regimul matrimonial. Tot \u00een acest registru se \u00eenscriu, de asemenea, actele prin care se desface c\u0103s\u0103toria \u0219i \u00eenceteaz\u0103 regimul matrimonial, respectiv certificatele de divor\u021b emise pe cale notarial\u0103 \u0219i administrativ\u0103  precum \u0219i hotar\u00e2rile judec\u0103tore\u0219ti de pronun\u021bare a divor\u021bului. \n<br><br>\nE-mail:  rnnrm@infonot.ro\n<br><br>\n\t\t\t\t\t<\/p>\n\t\t\t\t\t\t\t<\/div>\n\t\t<\/div>\n\t\t\t\t<\/div>\n\t\t\t\t<\/div>\n\t\t\t\t\t<\/div>\n\t\t<\/div>\n\t\t\t\t\t\t\t<\/div>\n\t\t<\/section>\n\t\t\t\t<section class=\"elementor-section elementor-top-section elementor-element elementor-element-43b0f09 elementor-section-boxed elementor-section-height-default elementor-section-height-default\" data-id=\"43b0f09\" data-element_type=\"section\">\n\t\t\t\t\t\t<div class=\"elementor-container elementor-column-gap-default\">\n\t\t\t\t\t<div class=\"elementor-column elementor-col-100 elementor-top-column elementor-element elementor-element-a5f32d9\" data-id=\"a5f32d9\" data-element_type=\"column\">\n\t\t\t<div class=\"elementor-widget-wrap elementor-element-populated\">\n\t\t\t\t\t\t\t\t<div class=\"elementor-element elementor-element-ff94d4a elementor-invisible elementor-widget elementor-widget-image\" data-id=\"ff94d4a\" data-element_type=\"widget\" data-settings=\"{&quot;_animation&quot;:&quot;fadeInLeft&quot;}\" data-widget_type=\"image.default\">\n\t\t\t\t<div class=\"elementor-widget-container\">\n\t\t\t\t\t\t\t\t\t\t\t\t\t\t\t<img decoding=\"async\" src=\"http:\/\/127.0.0.1\/wordpress\/wp-content\/uploads\/2021\/07\/about-2.jpg\" title=\"\" alt=\"\" \/>\t\t\t\t\t\t\t\t\t\t\t\t\t\t\t<\/div>\n\t\t\t\t<\/div>\n\t\t\t\t\t<\/div>\n\t\t<\/div>\n\t\t\t\t\t\t\t<\/div>\n\t\t<\/section>\n\t\t\t\t\t\t<\/div>\n\t\t\t\t\t<\/div>\n\t\t","protected":false},"excerpt":{"rendered":"<p>Registrul Na\u0163ional Notarial al Regimurilor Matrimoniale &#8211; RNNRM \u2022 Registrul Na\u0163ional Notarial al Regimurilor Matrimoniale &#8211; RNNRM, \u00eenfiin\u021bat odat\u0103 cu [&hellip;]<\/p>\n","protected":false},"author":1,"featured_media":0,"parent":0,"menu_order":0,"comment_status":"closed","ping_status":"closed","template":"elementor_header_footer","meta":{"footnotes":""},"class_list":["post-3100","page","type-page","status-publish","hentry"],"_links":{"self":[{"href":"https:\/\/infonot.ro\/index.php\/wp-json\/wp\/v2\/pages\/3100","targetHints":{"allow":["GET"]}}],"collection":[{"href":"https:\/\/infonot.ro\/index.php\/wp-json\/wp\/v2\/pages"}],"about":[{"href":"https:\/\/infonot.ro\/index.php\/wp-json\/wp\/v2\/types\/page"}],"author":[{"embeddable":true,"href":"https:\/\/infonot.ro\/index.php\/wp-json\/wp\/v2\/users\/1"}],"replies":[{"embeddable":true,"href":"https:\/\/infonot.ro\/index.php\/wp-json\/wp\/v2\/comments?post=3100"}],"version-history":[{"count":11,"href":"https:\/\/infonot.ro\/index.php\/wp-json\/wp\/v2\/pages\/3100\/revisions"}],"predecessor-version":[{"id":3970,"href":"https:\/\/infonot.ro\/index.php\/wp-json\/wp\/v2\/pages\/3100\/revisions\/3970"}],"wp:attachment":[{"href":"https:\/\/infonot.ro\/index.php\/wp-json\/wp\/v2\/media?parent=3100"}],"curies":[{"name":"wp","href":"https:\/\/api.w.org\/{rel}","templated":true}]}}