{"id":3099,"date":"2021-08-23T11:24:21","date_gmt":"2021-08-23T11:24:21","guid":{"rendered":"https:\/\/infonot.ro\/ersan\/?page_id=3099"},"modified":"2021-09-22T06:30:27","modified_gmt":"2021-09-22T06:30:27","slug":"registrul-national-de-evidenta-a-actelor-de-deces","status":"publish","type":"page","link":"https:\/\/infonot.ro\/index.php\/registrul-national-de-evidenta-a-actelor-de-deces\/","title":{"rendered":"Registrul Na\u021bional de Eviden\u021b\u0103 a Actelor de Deces"},"content":{"rendered":"\t\t<div data-elementor-type=\"wp-page\" data-elementor-id=\"3099\" class=\"elementor elementor-3099\" data-elementor-settings=\"[]\">\n\t\t\t\t\t\t\t<div class=\"elementor-section-wrap\">\n\t\t\t\t\t\t\t<section class=\"elementor-section elementor-top-section elementor-element elementor-element-5c4adc2 elementor-section-stretched elementor-section-full_width elementor-section-height-default elementor-section-height-default\" data-id=\"5c4adc2\" data-element_type=\"section\" data-settings=\"{&quot;stretch_section&quot;:&quot;section-stretched&quot;}\">\n\t\t\t\t\t\t<div class=\"elementor-container elementor-column-gap-no\">\n\t\t\t\t\t<div class=\"elementor-column elementor-col-100 elementor-top-column elementor-element elementor-element-2d8dc38\" data-id=\"2d8dc38\" data-element_type=\"column\">\n\t\t\t<div class=\"elementor-widget-wrap elementor-element-populated\">\n\t\t\t\t\t\t\t\t<div class=\"elementor-element elementor-element-b06b158 animated-slow elementor-widget elementor-widget-visarzo_banner\" data-id=\"b06b158\" data-element_type=\"widget\" data-settings=\"{&quot;_animation_delay&quot;:500000000,&quot;_animation&quot;:&quot;none&quot;}\" data-widget_type=\"visarzo_banner.default\">\n\t\t\t\t<div class=\"elementor-widget-container\">\n\t\t\t\t\t<!-- banner-section -->\n\t\t\t\t<section class=\"banner-section style-one\">\n\t\t\t<div class=\"banner-carousel owl-theme owl-carousel owl-dots-none\">\n\t\t\t\t\t\t\t\t <div class=\"slide-item\">\n\t\t\t\t\t\t<div class=\"image-layer\" style=\"background-image:url(https:\/\/infonot.ro\/wp-content\/uploads\/2020\/07\/pattern-2.png)\"><\/div>\n\t\t\t\t\t\t<div class=\"auto-container\">\n\t\t\t\t\t\t\t<div class=\"row clearfix\">\n\t\t\t\t\t\t\t\t\t\t\t\t\t\t\t\t<div class=\"col-xl-7 col-lg-12 col-md-12 content-column\">\n\t\t\t\t\t\t\t\t\t\t\t\t\t\t\t\t\t<div class=\"content-box\">\n\t\t\t\t\t\t\t\t\t\t\t\t\t\t\t\t\t\t\t<div class=\"title-text\">\n\t\t\t\t\t\t\t\t\t\t\t<h1 class=\"slider\"> <br>Registrul Na\u021bional de Eviden\u021b\u0103 a Actelor de Deces - RNEAD<\/h1>\n\t\t\t\t\t\t\t\t\t\t\t<div class=\"dotted-box\">\n\t\t\t\t\t\t\t\t\t\t\t\t<span class=\"dotted\"><\/span>\n\t\t\t\t\t\t\t\t\t\t\t\t<span class=\"dotted\"><\/span>\n\t\t\t\t\t\t\t\t\t\t\t\t<span class=\"dotted\"><\/span>\n\t\t\t\t\t\t\t\t\t\t\t<\/div>\n\t\t\t\t\t\t\t\t\t\t<\/div>\n\t\t\t\t\t\t\t\t\t\t\t\t\t\t\t\t\t\t\t\t<p><\/p>\n\t\t\t\t\t\t\t\t\t\t\t\t\t\t\t\t\t\t\t\t<div class=\"btn-box\">\n\t\t\t\t\t\t\t\t\t\t\t<a href=\"\"  target=\"_blank\"  rel=\"nofollow\" class=\"theme-btn-one\"><i class=\"flaticon-send\"><\/i><\/a>\n\t\t\t\t\t\t\t\t\t\t<\/div>\n\t\t\t\t\t\t\t\t\t<\/div>\n\t\t\t\t\t\t\t\t<\/div>\n\t\t\t\t\t\t\t<\/div>\n\t\t\t\t\t\t<\/div>\n\t\t\t\t\t<\/div> \n\t\t\t<\/div>\n\t\t<\/section>\n\t\t<!-- banner-section end -->\n\t\t\t\t\t\t\t<!-- banner-section end --> \n\t\t\t\t\t\t\t<\/div>\n\t\t\t\t<\/div>\n\t\t\t\t\t<\/div>\n\t\t<\/div>\n\t\t\t\t\t\t\t<\/div>\n\t\t<\/section>\n\t\t\t\t<section class=\"elementor-section elementor-top-section elementor-element elementor-element-258d5a3 elementor-section-boxed elementor-section-height-default elementor-section-height-default\" data-id=\"258d5a3\" data-element_type=\"section\">\n\t\t\t\t\t\t<div class=\"elementor-container elementor-column-gap-default\">\n\t\t\t\t\t<div class=\"elementor-column elementor-col-100 elementor-top-column elementor-element elementor-element-eaf9e50\" data-id=\"eaf9e50\" data-element_type=\"column\">\n\t\t\t<div class=\"elementor-widget-wrap elementor-element-populated\">\n\t\t\t\t\t\t\t\t<div class=\"elementor-element elementor-element-55f1233 elementor-widget elementor-widget-spacer\" data-id=\"55f1233\" data-element_type=\"widget\" data-widget_type=\"spacer.default\">\n\t\t\t\t<div class=\"elementor-widget-container\">\n\t\t\t\t\t<div class=\"elementor-spacer\">\n\t\t\t<div class=\"elementor-spacer-inner\"><\/div>\n\t\t<\/div>\n\t\t\t\t<\/div>\n\t\t\t\t<\/div>\n\t\t\t\t<div class=\"elementor-element elementor-element-c0e0495 elementor-view-default elementor-position-top elementor-vertical-align-top elementor-invisible elementor-widget elementor-widget-icon-box\" data-id=\"c0e0495\" data-element_type=\"widget\" data-settings=\"{&quot;_animation&quot;:&quot;fadeInLeft&quot;}\" data-widget_type=\"icon-box.default\">\n\t\t\t\t<div class=\"elementor-widget-container\">\n\t\t\t\t\t<div class=\"elementor-icon-box-wrapper\">\n\t\t\t\t\t\t<div class=\"elementor-icon-box-icon\">\n\t\t\t\t<span class=\"elementor-icon elementor-animation-\" >\n\t\t\t\t<i aria-hidden=\"true\" class=\"fas fa-book-dead\"><\/i>\t\t\t\t<\/span>\n\t\t\t<\/div>\n\t\t\t\t\t\t<div class=\"elementor-icon-box-content\">\n\t\t\t\t<h2 class=\"elementor-icon-box-title\">\n\t\t\t\t\t<span  >\n\t\t\t\t\t\t\t\t\t\t\t<\/span>\n\t\t\t\t<\/h2>\n\t\t\t\t\t\t\t\t\t<p class=\"elementor-icon-box-description\">\n\t\t\t\t\t\t<p style=\"font-size:20px;\">\n<br>\u2022\t Registrul Na\u021bional de Eviden\u021b\u0103 a Actelor de Deces - RNEAD, care cuprinde toate actele de deces \u00eenregistrate din luna ianuarie 2012 p\u00e2n\u0103 \u00een prezent, \u00een baza  informa\u021biilor din actele de deces \u00eenscrise \u00een documentele transmise lunar de D.E.P.A.B.D. \n<br><br>\nE-mail: jurist@infonot.ro\n<br><br>\t\t\t\t\t<\/p>\n\t\t\t\t\t\t\t<\/div>\n\t\t<\/div>\n\t\t\t\t<\/div>\n\t\t\t\t<\/div>\n\t\t\t\t\t<\/div>\n\t\t<\/div>\n\t\t\t\t\t\t\t<\/div>\n\t\t<\/section>\n\t\t\t\t<section class=\"elementor-section elementor-top-section elementor-element elementor-element-b8592f7 elementor-section-boxed elementor-section-height-default elementor-section-height-default\" data-id=\"b8592f7\" data-element_type=\"section\">\n\t\t\t\t\t\t<div class=\"elementor-container elementor-column-gap-default\">\n\t\t\t\t\t<div class=\"elementor-column elementor-col-100 elementor-top-column elementor-element elementor-element-9b71d3c\" data-id=\"9b71d3c\" data-element_type=\"column\">\n\t\t\t<div class=\"elementor-widget-wrap elementor-element-populated\">\n\t\t\t\t\t\t\t\t<div class=\"elementor-element elementor-element-c75baa3 elementor-invisible elementor-widget elementor-widget-image\" data-id=\"c75baa3\" data-element_type=\"widget\" data-settings=\"{&quot;_animation&quot;:&quot;fadeInLeft&quot;}\" data-widget_type=\"image.default\">\n\t\t\t\t<div class=\"elementor-widget-container\">\n\t\t\t\t\t\t\t\t\t\t\t\t\t\t\t<img decoding=\"async\" src=\"http:\/\/127.0.0.1\/wordpress\/wp-content\/uploads\/2021\/07\/training-1.jpg\" title=\"\" alt=\"\" \/>\t\t\t\t\t\t\t\t\t\t\t\t\t\t\t<\/div>\n\t\t\t\t<\/div>\n\t\t\t\t\t<\/div>\n\t\t<\/div>\n\t\t\t\t\t\t\t<\/div>\n\t\t<\/section>\n\t\t\t\t<section class=\"elementor-section elementor-top-section elementor-element elementor-element-f70b918 elementor-section-boxed elementor-section-height-default elementor-section-height-default\" data-id=\"f70b918\" data-element_type=\"section\">\n\t\t\t\t\t\t<div class=\"elementor-container elementor-column-gap-default\">\n\t\t\t\t\t<div class=\"elementor-column elementor-col-100 elementor-top-column elementor-element elementor-element-966d687\" data-id=\"966d687\" data-element_type=\"column\">\n\t\t\t<div class=\"elementor-widget-wrap elementor-element-populated\">\n\t\t\t\t\t\t\t\t<div class=\"elementor-element elementor-element-9cccebf elementor-widget elementor-widget-spacer\" data-id=\"9cccebf\" data-element_type=\"widget\" data-widget_type=\"spacer.default\">\n\t\t\t\t<div class=\"elementor-widget-container\">\n\t\t\t\t\t<div class=\"elementor-spacer\">\n\t\t\t<div class=\"elementor-spacer-inner\"><\/div>\n\t\t<\/div>\n\t\t\t\t<\/div>\n\t\t\t\t<\/div>\n\t\t\t\t\t<\/div>\n\t\t<\/div>\n\t\t\t\t\t\t\t<\/div>\n\t\t<\/section>\n\t\t\t\t\t\t<\/div>\n\t\t\t\t\t<\/div>\n\t\t","protected":false},"excerpt":{"rendered":"<p>Registrul Na\u021bional de Eviden\u021b\u0103 a Actelor de Deces &#8211; RNEAD \u2022 Registrul Na\u021bional de Eviden\u021b\u0103 a Actelor de Deces &#8211; [&hellip;]<\/p>\n","protected":false},"author":1,"featured_media":0,"parent":0,"menu_order":0,"comment_status":"closed","ping_status":"closed","template":"elementor_header_footer","meta":{"footnotes":""},"class_list":["post-3099","page","type-page","status-publish","hentry"],"_links":{"self":[{"href":"https:\/\/infonot.ro\/index.php\/wp-json\/wp\/v2\/pages\/3099","targetHints":{"allow":["GET"]}}],"collection":[{"href":"https:\/\/infonot.ro\/index.php\/wp-json\/wp\/v2\/pages"}],"about":[{"href":"https:\/\/infonot.ro\/index.php\/wp-json\/wp\/v2\/types\/page"}],"author":[{"embeddable":true,"href":"https:\/\/infonot.ro\/index.php\/wp-json\/wp\/v2\/users\/1"}],"replies":[{"embeddable":true,"href":"https:\/\/infonot.ro\/index.php\/wp-json\/wp\/v2\/comments?post=3099"}],"version-history":[{"count":12,"href":"https:\/\/infonot.ro\/index.php\/wp-json\/wp\/v2\/pages\/3099\/revisions"}],"predecessor-version":[{"id":3969,"href":"https:\/\/infonot.ro\/index.php\/wp-json\/wp\/v2\/pages\/3099\/revisions\/3969"}],"wp:attachment":[{"href":"https:\/\/infonot.ro\/index.php\/wp-json\/wp\/v2\/media?parent=3099"}],"curies":[{"name":"wp","href":"https:\/\/api.w.org\/{rel}","templated":true}]}}